{"id":112,"date":"2024-09-19T20:36:12","date_gmt":"2024-09-19T20:36:12","guid":{"rendered":"https:\/\/denpasa.com.br\/pt-br\/?page_id=112"},"modified":"2024-09-19T21:02:15","modified_gmt":"2024-09-19T21:02:15","slug":"oleo-de-palma-utilizacao","status":"publish","type":"page","link":"https:\/\/denpasa.com.br\/pt-br\/oleo-de-palma-utilizacao\/","title":{"rendered":"\u00d3leo de Palma \u2013 Utiliza\u00e7\u00e3o"},"content":{"rendered":"\n<figure class=\"wp-block-image size-full\"><img loading=\"lazy\" decoding=\"async\" width=\"427\" height=\"274\" src=\"https:\/\/denpasa.com.br\/pt-br\/wp-content\/uploads\/2024\/09\/oleo_de_palma001.png\" alt=\"\" class=\"wp-image-113\" srcset=\"https:\/\/denpasa.com.br\/pt-br\/wp-content\/uploads\/2024\/09\/oleo_de_palma001.png 427w, https:\/\/denpasa.com.br\/pt-br\/wp-content\/uploads\/2024\/09\/oleo_de_palma001-300x193.png 300w\" sizes=\"auto, (max-width: 427px) 100vw, 427px\" \/><\/figure>\n\n\n\n<p class=\"\"><strong>1) Alimenta\u00e7\u00e3o Humana<\/strong><\/p>\n\n\n\n<p class=\"\">A principal aplica\u00e7\u00e3o do \u00f3leo de palma e seus produtos est\u00e1 na \u00e1rea de comest\u00edveis:<\/p>\n\n\n\n<ul class=\"wp-block-list\">\n<li class=\"\">Margarina;<\/li>\n\n\n\n<li class=\"\">Gorduras para panifica\u00e7\u00e3o, biscoitos, massas e tortas;<\/li>\n\n\n\n<li class=\"\">P\u00f3 para sorvetes;<\/li>\n\n\n\n<li class=\"\">Shortenings (gordura vegetal);<\/li>\n\n\n\n<li class=\"\">\u00d3leo de cozinha;<\/li>\n\n\n\n<li class=\"\">Substituto da manteiga de cacau.<\/li>\n<\/ul>\n\n\n\n<p class=\"\">O \u00f3leo de palma tem elevado \u00edndice de vitaminas \u201cA\u201d e \u201cE\u201d. Ainda na ind\u00fastria aliment\u00edcia, oferece uma caracter\u00edstica que o torna imbat\u00edvel: trata-se de produto natural, isento de processos qu\u00edmicos como a extra\u00e7\u00e3o por solvente e a condenada hidrogena\u00e7\u00e3o para a produ\u00e7\u00e3o de gorduras vegetais. O refino do \u00f3leo de palma \u00e9 f\u00edsico, ao contr\u00e1rio de todos os outros \u00f3leos vegetais e sua gordura \u00e9 obtida por fracionamento tamb\u00e9m f\u00edsico e n\u00e3o por hidrogena\u00e7\u00e3o. Tais aspectos fizeram com que a Uni\u00e3o Europ\u00e9ia se tornasse o segundo maior importador de \u00f3leo de palma do mundo. O primeiro \u00e9 a China. \u00c9 importante ressaltar que o \u00f3leo de palma, assim como os demais \u00f3leos vegetais, n\u00e3o cont\u00e9m colesterol.<\/p>\n\n\n\n<p class=\"\"><strong>2) Alimentos para Animais<\/strong><\/p>\n\n\n\n<ul class=\"wp-block-list\">\n<li class=\"\">As ra\u00e7\u00f5es balanceadas, utilizadas nas alimenta\u00e7\u00f5es animais podem conter uma composi\u00e7\u00e3o mesclada com torta de palmiste de dend\u00ea, como tamb\u00e9m \u00f3leo de dend\u00ea, integral ou na sua fra\u00e7\u00e3o l\u00edquida, a ole\u00edna;<\/li>\n\n\n\n<li class=\"\">Objetivando crescimento e produtividade, \u00e9 essencial determinada quantidade de metabolizantes, bem como vitaminas, na fabrica\u00e7\u00e3o dos compostos alimentares especializados para animais, tais como gado bovino, carneiros, su\u00ednos, caprinos, aves, etc. O conte\u00fado cal\u00f3rico de 9 Kcal\/g do \u00f3leo de palma, o dobro do que proporcionam tanto as prote\u00ednas como os carboidratos, \u00e9 uma excelente fonte na composi\u00e7\u00e3o das ra\u00e7\u00f5es animais.<\/li>\n<\/ul>\n\n\n\n<p class=\"\"><strong>3) Aplica\u00e7\u00f5es n\u00e3o comest\u00edveis<\/strong><\/p>\n\n\n\n<ul class=\"wp-block-list\">\n<li class=\"\">\u00c1cidos Graxos: os \u00e1cidos graxos comerciais derivam quase que inteiramente de gorduras naturais. Constituem mat\u00e9ria-prima abundante e servem de base para toda ind\u00fastria \u00f3leo-qu\u00edmica. A estearina e o \u00f3leo de palmiste s\u00e3o fra\u00e7\u00f5es igualmente ricas em \u00e1cidos graxos e \u00e1cido l\u00e1urico. Sua produ\u00e7\u00e3o vem crescendo e superando o sebo e \u00f3leo de c\u00f4co atualmente, que eram fontes tradicionais dispon\u00edveis no mercado para produ\u00e7\u00e3o de \u00e1cidos graxos;<\/li>\n<\/ul>\n\n\n\n<ul class=\"wp-block-list\">\n<li class=\"\">Esteres Met\u00e1licos: constituem o segundo maior volume de produtos \u00f3leo-qu\u00edmicos ap\u00f3s os \u00e1cidos graxos. Apresentam grandes aplica\u00e7\u00f5es de \u00e1lcoois graxos, alcalonamidas, antibi\u00f3ticos e antiespumantes;<\/li>\n\n\n\n<li class=\"\">Sab\u00f5es: o \u00f3leo de palma, a estearina de palma e seus \u00e1cidos graxos podem substituir parcial ou totalmente o sebo, dependendo do tipo e qualidade do sab\u00e3o desejado;<\/li>\n\n\n\n<li class=\"\">Velas: originalmente, as velas se faziam de sebo ou de cera de abelhas. Atualmente s\u00e3o feitas de misturas de parafina e \u00e1cido este\u00e1rico ou \u201cestearina\u201d. O \u00e1cido este\u00e1rico comercial para fabrica\u00e7\u00e3o de velas \u00e9 na verdade uma mescla de \u00e1cido palm\u00edtico e \u00e1cido este\u00e1rico. O \u00f3leo de palma \u00e9 uma importante fonte destes \u00e1cidos;<\/li>\n\n\n\n<li class=\"\">Lubrificantes: as m\u00e1quinas para alimentos requerem lubrificantes com uma caracter\u00edstica apropriada. A ole\u00edna de palma, o \u00f3leo de palma e a estearina de palma s\u00e3o atualmente indicados para a fabrica\u00e7\u00e3o de graxas lubrificantes pois proporcionam: boa ades\u00e3o \u00e0s superf\u00edcies met\u00e1licas, amplitude de resist\u00eancia, alto ponto de fus\u00e3o sem fragilidade e alta resist\u00eancia \u00e0 oxida\u00e7\u00e3o. As graxas minerais nunca devem ser utilizadas nas f\u00e1bricas de alimentos por seus produtos t\u00f3xicos;<\/li>\n\n\n\n<li class=\"\">Lamina\u00e7\u00e3o de A\u00e7o: em todo o mundo as ind\u00fastrias de a\u00e7o utilizam grandes quantidades de \u00f3leo de palma durante o processo de lamina\u00e7\u00e3o a frio do a\u00e7o, cuja finalidade \u00e9 lubrificar e proteger a superf\u00edcie da corros\u00e3o;<\/li>\n\n\n\n<li class=\"\">Biocombust\u00edvel, substituindo o \u00f3leo diesel.<\/li>\n<\/ul>\n\n\n\n<figure class=\"wp-block-image size-full\"><img loading=\"lazy\" decoding=\"async\" width=\"592\" height=\"442\" src=\"https:\/\/denpasa.com.br\/pt-br\/wp-content\/uploads\/2024\/09\/oleo_de_palma002.png\" alt=\"\" class=\"wp-image-116\" srcset=\"https:\/\/denpasa.com.br\/pt-br\/wp-content\/uploads\/2024\/09\/oleo_de_palma002.png 592w, https:\/\/denpasa.com.br\/pt-br\/wp-content\/uploads\/2024\/09\/oleo_de_palma002-300x224.png 300w\" sizes=\"auto, (max-width: 592px) 100vw, 592px\" \/><\/figure>\n\n\n\n<p class=\"\"><strong>4) Outras Utiliza\u00e7\u00f5es<\/strong><\/p>\n\n\n\n<ul class=\"wp-block-list\">\n<li class=\"\">Prote\u00e7\u00e3o de tanques de armazenagem e tubos contra intemp\u00e9ries;<\/li>\n\n\n\n<li class=\"\">Na fabrica\u00e7\u00e3o de folhas de estanho, para reduzir perdas t\u00e9rmicas e prote\u00e7\u00e3o contra a oxida\u00e7\u00e3o do estanho;<\/li>\n\n\n\n<li class=\"\">Na fabrica\u00e7\u00e3o de azeites t\u00eaxteis. Alguns \u00f3leos glicer\u00eddios se usam como auxiliares na ind\u00fastria t\u00eaxtil para fabricar as fibras;<\/li>\n\n\n\n<li class=\"\">Pl\u00e1sticos: recentes investiga\u00e7\u00f5es t\u00eam mostrado que o \u00f3leo de palma epoxidado \u00e9 usado como plastificante e estabilizante para pl\u00e1sticos como o PVC;<\/li>\n\n\n\n<li class=\"\">Na fabrica\u00e7\u00e3o de shampoo e condicionadores de cabelos;<\/li>\n\n\n\n<li class=\"\">Na fabrica\u00e7\u00e3o de amaciante de roupas;<\/li>\n\n\n\n<li class=\"\">Na fabrica\u00e7\u00e3o de giz;<\/li>\n\n\n\n<li class=\"\">Na fabrica\u00e7\u00e3o de tintas;<\/li>\n\n\n\n<li class=\"\">Na fabrica\u00e7\u00e3o de detergentes;<\/li>\n\n\n\n<li class=\"\">Na fabrica\u00e7\u00e3o de emulsificante;<\/li>\n\n\n\n<li class=\"\">Na fabrica\u00e7\u00e3o de resinas.<\/li>\n<\/ul>\n\n\n\n<figure class=\"wp-block-image size-full\"><img loading=\"lazy\" decoding=\"async\" width=\"600\" height=\"368\" src=\"https:\/\/denpasa.com.br\/pt-br\/wp-content\/uploads\/2024\/09\/oleo_de_palma003.png\" alt=\"\" class=\"wp-image-117\" srcset=\"https:\/\/denpasa.com.br\/pt-br\/wp-content\/uploads\/2024\/09\/oleo_de_palma003.png 600w, https:\/\/denpasa.com.br\/pt-br\/wp-content\/uploads\/2024\/09\/oleo_de_palma003-300x184.png 300w\" sizes=\"auto, (max-width: 600px) 100vw, 600px\" \/><\/figure>\n\n\n\n<p class=\"\"><strong>\u201cZERO WASTE\u201d \u2013 Perda Zero<\/strong><\/p>\n\n\n\n<p class=\"\">Os res\u00edduos do processo de extra\u00e7\u00e3o, como cacho vazio, fibra e casca de am\u00eandoas, podem ser utilizados como combust\u00edvel nas caldeiras, para produzir o vapor necess\u00e1rio para o processo de extra\u00e7\u00e3o, e tamb\u00e9m para a gera\u00e7\u00e3o el\u00e9trica. Isto faz com que a f\u00e1brica de extra\u00e7\u00e3o de \u00f3leo de palma seja auto-suficiente em energia el\u00e9trica, podendo at\u00e9 fornec\u00ea-la para outros consumidores, como agrovilas ou rede p\u00fablica.<\/p>\n\n\n\n<p class=\"\">Se n\u00e3o houver a queima de res\u00edduos do processo nas caldeiras, pode-se utilizar este material para aduba\u00e7\u00e3o org\u00e2nica no pr\u00f3prio dendezal.<\/p>\n\n\n\n<figure class=\"wp-block-image size-full\"><img loading=\"lazy\" decoding=\"async\" width=\"600\" height=\"849\" src=\"https:\/\/denpasa.com.br\/pt-br\/wp-content\/uploads\/2024\/09\/oleo_de_palma004.png\" alt=\"\" class=\"wp-image-118\" srcset=\"https:\/\/denpasa.com.br\/pt-br\/wp-content\/uploads\/2024\/09\/oleo_de_palma004.png 600w, https:\/\/denpasa.com.br\/pt-br\/wp-content\/uploads\/2024\/09\/oleo_de_palma004-212x300.png 212w\" sizes=\"auto, (max-width: 600px) 100vw, 600px\" \/><\/figure>\n","protected":false},"excerpt":{"rendered":"<p>1) Alimenta\u00e7\u00e3o Humana A principal aplica\u00e7\u00e3o do \u00f3leo de palma e seus produtos est\u00e1 na \u00e1rea de comest\u00edveis: O \u00f3leo de palma tem elevado \u00edndice de vitaminas \u201cA\u201d e \u201cE\u201d. Ainda na ind\u00fastria aliment\u00edcia, oferece uma caracter\u00edstica que o torna<\/p>\n","protected":false},"author":1,"featured_media":0,"parent":0,"menu_order":0,"comment_status":"closed","ping_status":"closed","template":"","meta":{"nf_dc_page":"","footnotes":""},"class_list":["post-112","page","type-page","status-publish","hentry"],"_links":{"self":[{"href":"https:\/\/denpasa.com.br\/pt-br\/wp-json\/wp\/v2\/pages\/112","targetHints":{"allow":["GET"]}}],"collection":[{"href":"https:\/\/denpasa.com.br\/pt-br\/wp-json\/wp\/v2\/pages"}],"about":[{"href":"https:\/\/denpasa.com.br\/pt-br\/wp-json\/wp\/v2\/types\/page"}],"author":[{"embeddable":true,"href":"https:\/\/denpasa.com.br\/pt-br\/wp-json\/wp\/v2\/users\/1"}],"replies":[{"embeddable":true,"href":"https:\/\/denpasa.com.br\/pt-br\/wp-json\/wp\/v2\/comments?post=112"}],"version-history":[{"count":3,"href":"https:\/\/denpasa.com.br\/pt-br\/wp-json\/wp\/v2\/pages\/112\/revisions"}],"predecessor-version":[{"id":121,"href":"https:\/\/denpasa.com.br\/pt-br\/wp-json\/wp\/v2\/pages\/112\/revisions\/121"}],"wp:attachment":[{"href":"https:\/\/denpasa.com.br\/pt-br\/wp-json\/wp\/v2\/media?parent=112"}],"curies":[{"name":"wp","href":"https:\/\/api.w.org\/{rel}","templated":true}]}}