{"id":131,"date":"2024-09-19T21:18:41","date_gmt":"2024-09-19T21:18:41","guid":{"rendered":"https:\/\/denpasa.com.br\/pt-br\/?page_id=131"},"modified":"2024-09-19T21:28:46","modified_gmt":"2024-09-19T21:28:46","slug":"biocombustivel","status":"publish","type":"page","link":"https:\/\/denpasa.com.br\/pt-br\/biocombustivel\/","title":{"rendered":"Biocombust\u00edvel"},"content":{"rendered":"\n<p class=\"\">Biocombust\u00edveis s\u00e3o derivados de biomassa renov\u00e1vel que podem substituir, parcial ou totalmente, combust\u00edveis derivados de petr\u00f3leo e g\u00e1s natural em motores a combust\u00e3o ou em outro tipo de gera\u00e7\u00e3o de energia.<\/p>\n\n\n\n<p class=\"\">Os dois principais biocombust\u00edveis l\u00edquidos usados no Brasil s\u00e3o o etanol (\u00e1lcool) extra\u00eddo de cana-de-a\u00e7\u00facar e, em escala crescente, o biodiesel, que \u00e9 produzido a partir de \u00f3leos vegetais ou de gorduras animais e adicionado ao diesel de petr\u00f3leo em propor\u00e7\u00f5es vari\u00e1veis.<\/p>\n\n\n\n<p class=\"\">Cerca de 45% da energia e 18% dos combust\u00edveis consumidos no Brasil j\u00e1 s\u00e3o renov\u00e1veis. No resto do mundo, 86% da energia v\u00eam de fontes energ\u00e9ticas n\u00e3o-renov\u00e1veis. Pioneiro mundial no uso de biocombust\u00edveis, o Brasil alcan\u00e7ou uma posi\u00e7\u00e3o almejada por muitos pa\u00edses que buscam fontes renov\u00e1veis de energia, como alternativas estrat\u00e9gicas ao petr\u00f3leo.<\/p>\n\n\n\n<p class=\"\">Os biocombust\u00edveis poluem menos por emitirem menos compostos do que os combust\u00edveis f\u00f3sseis no processo de combust\u00e3o dos motores e tamb\u00e9m porque seu processo de produ\u00e7\u00e3o tende a ser mais limpo.<\/p>\n\n\n\n<p class=\"\">Na compara\u00e7\u00e3o com o diesel de petr\u00f3leo, o biodiesel tamb\u00e9m tem significativas vantagens ambientais. Estudos do&nbsp;<em>National Biodiesel Board<\/em>&nbsp;(associa\u00e7\u00e3o que representa a ind\u00fastria de biodiesel nos Estados Unidos) demonstraram que a queima de biodiesel pode emitir em m\u00e9dia 48% menos mon\u00f3xido de carbono; 47% menos material particulado (que penetra nos pulm\u00f5es); 67% menos hidrocarbonetos. Como esses percentuais variam de acordo com a quantidade de B100 adicionado ao diesel de petr\u00f3leo, no B3 essas redu\u00e7\u00f5es ocorrem de modo proporcional.&nbsp;<strong>Desde 1\u00ba de janeiro de 2010, o \u00f3leo diesel comercializado em todo o Brasil cont\u00e9m 5% de biodiesel.<\/strong><\/p>\n\n\n\n<p class=\"\">Para o Brasil al\u00e9m da diminui\u00e7\u00e3o da depend\u00eancia do diesel importado, o biodiesel traz outros efeitos indiretos de sua produ\u00e7\u00e3o e uso, como o incremento a economias locais e regionais, tanto na etapa agr\u00edcola como na ind\u00fastria de bens e servi\u00e7os. Com a amplia\u00e7\u00e3o do mercado do biodiesel, milhares de fam\u00edlias brasileiras ser\u00e3o beneficiadas, principalmente agricultores do semi-\u00e1rido brasileiro, com o aumento de renda proveniente do cultivo e comercializa\u00e7\u00e3o das plantas oleaginosas utilizadas na produ\u00e7\u00e3o do biodiesel. A produ\u00e7\u00e3o de biodiesel j\u00e1 gerou cerca de 600 mil postos de trabalho no campo, de acordo com dados do Minist\u00e9rio do Desenvolvimento Agr\u00e1rio.<\/p>\n\n\n\n<p class=\"\">Outro benef\u00edcio para a sociedade, resultante da amplia\u00e7\u00e3o do uso do biodiesel, \u00e9 o efeito positivo sobre o meio ambiente, acarretando a diminui\u00e7\u00e3o das principais emiss\u00f5es veiculares em compara\u00e7\u00e3o ao diesel derivado do petr\u00f3leo.<\/p>\n\n\n\n<p class=\"\">Face as preocupa\u00e7\u00f5es decorrentes de crises econ\u00f4micas ou as incertezas advindas da escassez dos combust\u00edveis f\u00f3sseis, a Secretaria de Tecnologia Industrial (STI) planejou e dirigiu o Programa Tecnol\u00f3gico de Alternativas Energ\u00e9ticas Renov\u00e1veis, tendo por objetivo b\u00e1sico pesquisar a viabilidade de utiliza\u00e7\u00e3o de alternativas energ\u00e9ticas em substitui\u00e7\u00e3o ao petr\u00f3leo.<\/p>\n\n\n\n<p class=\"\">Um destes programas, o PRO\u00c1LCOOL, embora bem sucedido, n\u00e3o \u00e9 suficiente para eliminar a necessidade de importa\u00e7\u00e3o de petr\u00f3leo. Atrav\u00e9s de pesquisas, a utiliza\u00e7\u00e3o de \u00f3leos vegetais modificados, especialmente o \u00f3leo de dend\u00ea, foi apontada como umas das solu\u00e7\u00f5es tecnicamente satisfat\u00f3rias para substituir o \u00f3leo diesel. Observou-se que 1 litro de \u00f3leo vegetal pode substituir 1 litro de \u00f3leo diesel, para cuja produ\u00e7\u00e3o seriam necess\u00e1rios 2,2 litros de petr\u00f3leo bruto.<\/p>\n\n\n\n<p class=\"\">A Alemanha desenvolveu um motor \u2013 ELKO, j\u00e1 testado no Brasil, que entre outras vantagens, pode consumir \u00f3leos \u201cin natura\u201d, prensados em moenda mec\u00e2nica, j\u00e1 existente no mercado brasileiro.<\/p>\n\n\n\n<p class=\"\">O mercado de biodiesel est\u00e1 em franco crescimento. No Brasil, o programa foi baseado inicialmente na mamona, por\u00e9m hoje est\u00e1 ancorado na cultura do dend\u00ea. O \u00f3leo de palma, devido a suas caracter\u00edsticas e alta produtividade por hectare (entre 4 e 6 t\/ha), pode se transformar em um dos principais \u00f3leos utilizados neste projeto de alcance mundial.<\/p>\n\n\n\n<figure class=\"wp-block-image size-full\"><img loading=\"lazy\" decoding=\"async\" width=\"218\" height=\"200\" src=\"https:\/\/denpasa.com.br\/pt-br\/wp-content\/uploads\/2024\/09\/biocombustivel001.png\" alt=\"\" class=\"wp-image-132\"\/><\/figure>\n\n\n\n<figure class=\"wp-block-image size-full\"><img loading=\"lazy\" decoding=\"async\" width=\"116\" height=\"200\" src=\"https:\/\/denpasa.com.br\/pt-br\/wp-content\/uploads\/2024\/09\/biocombustivel002.png\" alt=\"\" class=\"wp-image-133\"\/><\/figure>\n\n\n\n<p class=\"\">A ANP \u2013 Ag\u00eancia Nacional do Petr\u00f3leo, G\u00e1s Natural e Biocombust\u00edveis \u2013 implantada h\u00e1 dez anos pelo Decreto n\u00ba 2.455, de 14 de janeiro de 1998, \u00e9 o \u00f3rg\u00e3o regulador das atividades que integram a ind\u00fastria do petr\u00f3leo e g\u00e1s natural e a dos biocombust\u00edveis no Brasil. A ANP tem as fun\u00e7\u00f5es de estabelecer as normas regulat\u00f3rias, autorizar e fiscalizar as atividades relacionadas \u00e0 produ\u00e7\u00e3o, armazenagem, importa\u00e7\u00e3o, exporta\u00e7\u00e3o, distribui\u00e7\u00e3o, revenda e comercializa\u00e7\u00e3o. Atualmente existem 64 plantas produtoras de biodiesel autorizadas pela ANP para opera\u00e7\u00e3o no Pa\u00eds.<\/p>\n\n\n\n<figure class=\"wp-block-image size-full\"><img loading=\"lazy\" decoding=\"async\" width=\"954\" height=\"519\" src=\"https:\/\/denpasa.com.br\/pt-br\/wp-content\/uploads\/2024\/09\/biocombustivel003.png\" alt=\"\" class=\"wp-image-134\" srcset=\"https:\/\/denpasa.com.br\/pt-br\/wp-content\/uploads\/2024\/09\/biocombustivel003.png 954w, https:\/\/denpasa.com.br\/pt-br\/wp-content\/uploads\/2024\/09\/biocombustivel003-300x163.png 300w, https:\/\/denpasa.com.br\/pt-br\/wp-content\/uploads\/2024\/09\/biocombustivel003-768x418.png 768w\" sizes=\"auto, (max-width: 954px) 100vw, 954px\" \/><\/figure>\n\n\n\n<figure class=\"wp-block-image size-full\"><img loading=\"lazy\" decoding=\"async\" width=\"441\" height=\"345\" src=\"https:\/\/denpasa.com.br\/pt-br\/wp-content\/uploads\/2024\/09\/biocombustivel004.png\" alt=\"\" class=\"wp-image-135\" srcset=\"https:\/\/denpasa.com.br\/pt-br\/wp-content\/uploads\/2024\/09\/biocombustivel004.png 441w, https:\/\/denpasa.com.br\/pt-br\/wp-content\/uploads\/2024\/09\/biocombustivel004-300x235.png 300w\" sizes=\"auto, (max-width: 441px) 100vw, 441px\" \/><\/figure>\n\n\n\n<p class=\"\">De acordo com&nbsp;<em>Furlan et al. 2004<\/em>, o plantio de dend\u00ea na Amaz\u00f4nia visando a utiliza\u00e7\u00e3o do \u00f3leo de palma como combust\u00edvel substituto ou componente de \u00f3leo diesel \u00e9 a melhor op\u00e7\u00e3o quando n\u00e3o se tem uma fonte confi\u00e1vel de oleaginosas nativas, pelas seguintes raz\u00f5es:<\/p>\n\n\n\n<ul class=\"wp-block-list\">\n<li class=\"\">Alta produtividade e potencial comprovador para produ\u00e7\u00e3o em larga escala;<\/li>\n\n\n\n<li class=\"\">Produz o ano inteiro;<\/li>\n\n\n\n<li class=\"\">O plantio \u00e9 de f\u00e1cil manejo e pode ser cultivado em \u00e1reas alteradas, principalmente na Amaz\u00f4nia em fun\u00e7\u00e3o de suas caracter\u00edsticas clim\u00e1ticas;<\/li>\n\n\n\n<li class=\"\">Apresenta propriedades f\u00edsico-qu\u00edmicas bastante similares as do \u00f3leo diesel.<\/li>\n<\/ul>\n\n\n\n<figure class=\"wp-block-image size-full\"><img loading=\"lazy\" decoding=\"async\" width=\"712\" height=\"522\" src=\"https:\/\/denpasa.com.br\/pt-br\/wp-content\/uploads\/2024\/09\/biocombustivel005.png\" alt=\"\" class=\"wp-image-136\" srcset=\"https:\/\/denpasa.com.br\/pt-br\/wp-content\/uploads\/2024\/09\/biocombustivel005.png 712w, https:\/\/denpasa.com.br\/pt-br\/wp-content\/uploads\/2024\/09\/biocombustivel005-300x220.png 300w\" sizes=\"auto, (max-width: 712px) 100vw, 712px\" \/><\/figure>\n\n\n\n<p class=\"\">A alta produtividade faz da cultura do dendezeiro um candidato ideal para produ\u00e7\u00e3o do biodiesel. De acordo com Bacigalupo (1984), o dendezeiro tem um rendimento energ\u00e9tico por hectare quase duas vezes maior do que a cana-de-a\u00e7\u00facar.<\/p>\n\n\n\n<figure class=\"wp-block-image size-full\"><img loading=\"lazy\" decoding=\"async\" width=\"575\" height=\"578\" src=\"https:\/\/denpasa.com.br\/pt-br\/wp-content\/uploads\/2024\/09\/biocombustivel006.png\" alt=\"\" class=\"wp-image-137\" srcset=\"https:\/\/denpasa.com.br\/pt-br\/wp-content\/uploads\/2024\/09\/biocombustivel006.png 575w, https:\/\/denpasa.com.br\/pt-br\/wp-content\/uploads\/2024\/09\/biocombustivel006-298x300.png 298w, https:\/\/denpasa.com.br\/pt-br\/wp-content\/uploads\/2024\/09\/biocombustivel006-150x150.png 150w, https:\/\/denpasa.com.br\/pt-br\/wp-content\/uploads\/2024\/09\/biocombustivel006-230x230.png 230w\" sizes=\"auto, (max-width: 575px) 100vw, 575px\" \/><\/figure>\n\n\n\n<p class=\"\"><strong>MAL\u00c1SIA<\/strong>&nbsp;lan\u00e7a biocombust\u00edvel de \u00f3leo de dend\u00ea: A Mal\u00e1sia lan\u00e7ou seu biocombust\u00edvel baseado em \u00f3leo de dend\u00ea, uma mistura de 5% de \u00f3leo de dend\u00ea processado e de 95% de diesel. \u201cEstamos sendo prudentes em usar \u00f3leo de dend\u00ea. Garantiremos uma fonte de energia sustent\u00e1vel e competitiva para o pa\u00eds\u201d, disse o ministro Abdullah Ahmad Badawi. Espera-se que o uso do biocombust\u00edvel mude a percep\u00e7\u00e3o da popula\u00e7\u00e3o em rela\u00e7\u00e3o ao potencial do \u00f3leo de dend\u00ea. Estudos conduzidos pela Malaysian Palm Oil Board (MPOB) mostraram que o uso do biocombust\u00edvel de \u00f3leo de dend\u00ea n\u00e3o requer modifica\u00e7\u00e3o dos motores dos ve\u00edculos, disse Badawi (People\u2019s Daily Online, China, 22\/03\/2006).<\/p>\n\n\n\n<figure class=\"wp-block-pullquote\"><blockquote><p><strong>\u201cO dend\u00ea \u00e9 o petr\u00f3leo verde\u201d<\/strong><\/p><cite>Flexa ribeiro<\/cite><\/blockquote><\/figure>\n","protected":false},"excerpt":{"rendered":"<p>Biocombust\u00edveis s\u00e3o derivados de biomassa renov\u00e1vel que podem substituir, parcial ou totalmente, combust\u00edveis derivados de petr\u00f3leo e g\u00e1s natural em motores a combust\u00e3o ou em outro tipo de gera\u00e7\u00e3o de energia. Os dois principais biocombust\u00edveis l\u00edquidos usados no Brasil s\u00e3o<\/p>\n","protected":false},"author":1,"featured_media":0,"parent":0,"menu_order":0,"comment_status":"closed","ping_status":"closed","template":"","meta":{"nf_dc_page":"","footnotes":""},"class_list":["post-131","page","type-page","status-publish","hentry"],"_links":{"self":[{"href":"https:\/\/denpasa.com.br\/pt-br\/wp-json\/wp\/v2\/pages\/131","targetHints":{"allow":["GET"]}}],"collection":[{"href":"https:\/\/denpasa.com.br\/pt-br\/wp-json\/wp\/v2\/pages"}],"about":[{"href":"https:\/\/denpasa.com.br\/pt-br\/wp-json\/wp\/v2\/types\/page"}],"author":[{"embeddable":true,"href":"https:\/\/denpasa.com.br\/pt-br\/wp-json\/wp\/v2\/users\/1"}],"replies":[{"embeddable":true,"href":"https:\/\/denpasa.com.br\/pt-br\/wp-json\/wp\/v2\/comments?post=131"}],"version-history":[{"count":5,"href":"https:\/\/denpasa.com.br\/pt-br\/wp-json\/wp\/v2\/pages\/131\/revisions"}],"predecessor-version":[{"id":143,"href":"https:\/\/denpasa.com.br\/pt-br\/wp-json\/wp\/v2\/pages\/131\/revisions\/143"}],"wp:attachment":[{"href":"https:\/\/denpasa.com.br\/pt-br\/wp-json\/wp\/v2\/media?parent=131"}],"curies":[{"name":"wp","href":"https:\/\/api.w.org\/{rel}","templated":true}]}}