{"id":145,"date":"2024-09-19T21:42:48","date_gmt":"2024-09-19T21:42:48","guid":{"rendered":"https:\/\/denpasa.com.br\/pt-br\/?page_id=145"},"modified":"2024-09-19T21:45:43","modified_gmt":"2024-09-19T21:45:43","slug":"meio-ambiente","status":"publish","type":"page","link":"https:\/\/denpasa.com.br\/pt-br\/meio-ambiente\/","title":{"rendered":"Meio Ambiente"},"content":{"rendered":"\n<p class=\"\">De acordo com a publica\u00e7\u00e3o \u201c<strong>A Dendeicultura na Vis\u00e3o do Setor Privado<\/strong>\u201c, da Empresa Brasileira de Pesquisa Agropecu\u00e1ria (EMBRAPA), a agroind\u00fastria do \u00f3leo de dend\u00ea poder\u00e1 vir a contribuir decisivamente no esfor\u00e7o para diminui\u00e7\u00e3o de carbono na atmosfera. A cultura em si \u00e9 um eficiente agente para a conserva\u00e7\u00e3o das florestas existentes, uma vez que proporciona uma alternativa econ\u00f4mica \u00e0s popula\u00e7\u00f5es rurais da Regi\u00e3o Norte. Como gera grande n\u00famero de empregos, ocupa m\u00e3o-de-obra rural que de outra forma viria a se engajar na explora\u00e7\u00e3o predat\u00f3ria de madeira, praticar agricultura itinerante ou participar em invas\u00f5es de \u00e1reas de preserva\u00e7\u00e3o ambiental. A dendeicultura certamente reduz a press\u00e3o sobre o desmatamento na regi\u00e3o em que o projeto se instala (<em>Veiga et al. 2000<\/em>).<\/p>\n\n\n\n<p class=\"\">A extra\u00e7\u00e3o de \u00f3leo de palma gera subprodutos org\u00e2nicos como cachos vazios, fibra e casca, que se utilizados para gerar vapor, apresentam um enorme potencial para a cogera\u00e7\u00e3o de energia el\u00e9trica. O efluente l\u00edquido pode ser utilizado para a produ\u00e7\u00e3o de biog\u00e1s (<em>Veiga et al. 2000<\/em>).<\/p>\n\n\n\n<p class=\"\">A pr\u00f3pria palmeira do dend\u00ea, como planta perene, de porte arb\u00f3reo, apresenta um potencial consider\u00e1vel para imobilizar o carbono atmosf\u00e9rico. Estima-se que aos quinze anos de idade um hectare de dend\u00ea tenha seq\u00fcestrado um total de 35,87 toneladas de carbono ou 90 toneladas de mat\u00e9ria seca (Torres, 1991, citado por&nbsp;<em>Veiga et al. 2000<\/em>).<\/p>\n\n\n\n<h2 class=\"wp-block-heading\">Produtos<\/h2>\n\n\n\n<ul class=\"wp-block-list\">\n<li class=\"\">\u00d3leo de Palma Integral, ou \u00f3leo de dend\u00ea;<\/li>\n\n\n\n<li class=\"\">\u00d3leo de Palmiste;<\/li>\n\n\n\n<li class=\"\">Torta de Palmiste;<\/li>\n\n\n\n<li class=\"\">\u201cZERO WASTE\u201d \u2013 Perda Zero.<\/li>\n<\/ul>\n\n\n\n<h2 class=\"wp-block-heading\">Utiliza\u00e7\u00e3o dos Produtos<\/h2>\n\n\n\n<ul class=\"wp-block-list\">\n<li class=\"\">Alimenta\u00e7\u00e3o Humana;<\/li>\n\n\n\n<li class=\"\">Alimento para Animais;<\/li>\n\n\n\n<li class=\"\">Aplica\u00e7\u00f5es n\u00e3o comest\u00edveis;<\/li>\n\n\n\n<li class=\"\">Outras Utiliza\u00e7\u00f5es.<\/li>\n<\/ul>\n\n\n\n<figure class=\"wp-block-image size-full\"><img loading=\"lazy\" decoding=\"async\" width=\"590\" height=\"450\" src=\"https:\/\/denpasa.com.br\/pt-br\/wp-content\/uploads\/2024\/09\/meioambiente001.png\" alt=\"\" class=\"wp-image-146\" srcset=\"https:\/\/denpasa.com.br\/pt-br\/wp-content\/uploads\/2024\/09\/meioambiente001.png 590w, https:\/\/denpasa.com.br\/pt-br\/wp-content\/uploads\/2024\/09\/meioambiente001-300x229.png 300w\" sizes=\"auto, (max-width: 590px) 100vw, 590px\" \/><\/figure>\n\n\n\n<figure class=\"wp-block-image size-large\"><img loading=\"lazy\" decoding=\"async\" width=\"851\" height=\"1024\" src=\"https:\/\/denpasa.com.br\/pt-br\/wp-content\/uploads\/2024\/09\/meioambiente002-851x1024.png\" alt=\"\" class=\"wp-image-147\" srcset=\"https:\/\/denpasa.com.br\/pt-br\/wp-content\/uploads\/2024\/09\/meioambiente002-851x1024.png 851w, https:\/\/denpasa.com.br\/pt-br\/wp-content\/uploads\/2024\/09\/meioambiente002-249x300.png 249w, https:\/\/denpasa.com.br\/pt-br\/wp-content\/uploads\/2024\/09\/meioambiente002-768x924.png 768w, https:\/\/denpasa.com.br\/pt-br\/wp-content\/uploads\/2024\/09\/meioambiente002.png 886w\" sizes=\"auto, (max-width: 851px) 100vw, 851px\" \/><\/figure>\n","protected":false},"excerpt":{"rendered":"<p>De acordo com a publica\u00e7\u00e3o \u201cA Dendeicultura na Vis\u00e3o do Setor Privado\u201c, da Empresa Brasileira de Pesquisa Agropecu\u00e1ria (EMBRAPA), a agroind\u00fastria do \u00f3leo de dend\u00ea poder\u00e1 vir a contribuir decisivamente no esfor\u00e7o para diminui\u00e7\u00e3o de carbono na atmosfera. A cultura<\/p>\n","protected":false},"author":1,"featured_media":0,"parent":0,"menu_order":0,"comment_status":"closed","ping_status":"closed","template":"","meta":{"nf_dc_page":"","footnotes":""},"class_list":["post-145","page","type-page","status-publish","hentry"],"_links":{"self":[{"href":"https:\/\/denpasa.com.br\/pt-br\/wp-json\/wp\/v2\/pages\/145","targetHints":{"allow":["GET"]}}],"collection":[{"href":"https:\/\/denpasa.com.br\/pt-br\/wp-json\/wp\/v2\/pages"}],"about":[{"href":"https:\/\/denpasa.com.br\/pt-br\/wp-json\/wp\/v2\/types\/page"}],"author":[{"embeddable":true,"href":"https:\/\/denpasa.com.br\/pt-br\/wp-json\/wp\/v2\/users\/1"}],"replies":[{"embeddable":true,"href":"https:\/\/denpasa.com.br\/pt-br\/wp-json\/wp\/v2\/comments?post=145"}],"version-history":[{"count":4,"href":"https:\/\/denpasa.com.br\/pt-br\/wp-json\/wp\/v2\/pages\/145\/revisions"}],"predecessor-version":[{"id":152,"href":"https:\/\/denpasa.com.br\/pt-br\/wp-json\/wp\/v2\/pages\/145\/revisions\/152"}],"wp:attachment":[{"href":"https:\/\/denpasa.com.br\/pt-br\/wp-json\/wp\/v2\/media?parent=145"}],"curies":[{"name":"wp","href":"https:\/\/api.w.org\/{rel}","templated":true}]}}