{"id":155,"date":"2024-09-20T12:53:47","date_gmt":"2024-09-20T12:53:47","guid":{"rendered":"https:\/\/denpasa.com.br\/pt-br\/?page_id=155"},"modified":"2024-09-20T12:53:48","modified_gmt":"2024-09-20T12:53:48","slug":"amarelecimento-fatal-af","status":"publish","type":"page","link":"https:\/\/denpasa.com.br\/pt-br\/amarelecimento-fatal-af\/","title":{"rendered":"Amarelecimento Fatal (AF)"},"content":{"rendered":"\n<p class=\"\">Em 1985 foi constatado um grande problema na planta\u00e7\u00e3o da DENPASA chamado \u201cAmarelecimento Fatal\u201d (AF), de etiologia desconhecida. Este novo pat\u00f3geno de etiologia desconhecida afetou epidemiologicamente os dendezais da empresa e posteriormente se estendeu a todos os outros dendezais situados pr\u00f3ximos a esta regi\u00e3o.<\/p>\n\n\n\n<p class=\"\">No ano de 1988 foram efetuadas elimina\u00e7\u00f5es maci\u00e7as nos plantios mais atingidos, como forma de controlar e conter o avan\u00e7o do pat\u00f3geno. Temporariamente, o objetivo foi alcan\u00e7ado. Por\u00e9m, esta medida e todas as demais n\u00e3o foram suficientes para reverter o quadro epidemiol\u00f3gico da planta\u00e7\u00e3o geral. O Amarelecimento Fatal, em aproximadamente 15 anos de infesta\u00e7\u00e3o no dendezal da DENPASA, dizimou aproximadamente 60% de todo o seu patrim\u00f4nio vegetal, fonte do fornecimento de sua mat\u00e9ria-prima. Isso lhe impossibilitou temporariamente de continuar investindo na regi\u00e3o.<\/p>\n\n\n\n<p class=\"\">Ainda em 1985, a DENPASA montou uma equipe de pesquisadores que durante 15 anos se dedicou exclusivamente estudar a solu\u00e7\u00e3o para o Amarelecimento Fatal (AF). Foram envolvidos diversos pesquisadores de outros \u00f3rg\u00e3os e universidades: estaduais, federais e at\u00e9 internacionais. Os resultados de todos os estudos e pesquisas realizadas, patrocinados pela DENPASA, est\u00e3o impressos em relat\u00f3rios e publica\u00e7\u00f5es diversas, cujos registros foram disponibilizados para a Embrapa. Constatadas a agressividade do pat\u00f3geno e sua complexidade etiol\u00f3gica e at\u00e9 ent\u00e3o, com os resultados das pesquisas sem direcionamento adequado, capaz de possibilitar a sua conviv\u00eancia sustent\u00e1vel com o dendezal, levou a equipe a diversificar suas pesquisas, implantando diversos ensaios e investindo durante estes anos aproximadamente US$ 1 milh\u00e3o.<\/p>\n\n\n\n<figure class=\"wp-block-image size-full\"><img loading=\"lazy\" decoding=\"async\" width=\"608\" height=\"657\" src=\"https:\/\/denpasa.com.br\/pt-br\/wp-content\/uploads\/2024\/09\/amarelecimento001.png\" alt=\"\" class=\"wp-image-156\" srcset=\"https:\/\/denpasa.com.br\/pt-br\/wp-content\/uploads\/2024\/09\/amarelecimento001.png 608w, https:\/\/denpasa.com.br\/pt-br\/wp-content\/uploads\/2024\/09\/amarelecimento001-278x300.png 278w\" sizes=\"auto, (max-width: 608px) 100vw, 608px\" \/><\/figure>\n\n\n\n<p class=\"\"><\/p>\n","protected":false},"excerpt":{"rendered":"<p>Em 1985 foi constatado um grande problema na planta\u00e7\u00e3o da DENPASA chamado \u201cAmarelecimento Fatal\u201d (AF), de etiologia desconhecida. Este novo pat\u00f3geno de etiologia desconhecida afetou epidemiologicamente os dendezais da empresa e posteriormente se estendeu a todos os outros dendezais situados<\/p>\n","protected":false},"author":1,"featured_media":0,"parent":0,"menu_order":0,"comment_status":"closed","ping_status":"closed","template":"","meta":{"nf_dc_page":"","footnotes":""},"class_list":["post-155","page","type-page","status-publish","hentry"],"_links":{"self":[{"href":"https:\/\/denpasa.com.br\/pt-br\/wp-json\/wp\/v2\/pages\/155","targetHints":{"allow":["GET"]}}],"collection":[{"href":"https:\/\/denpasa.com.br\/pt-br\/wp-json\/wp\/v2\/pages"}],"about":[{"href":"https:\/\/denpasa.com.br\/pt-br\/wp-json\/wp\/v2\/types\/page"}],"author":[{"embeddable":true,"href":"https:\/\/denpasa.com.br\/pt-br\/wp-json\/wp\/v2\/users\/1"}],"replies":[{"embeddable":true,"href":"https:\/\/denpasa.com.br\/pt-br\/wp-json\/wp\/v2\/comments?post=155"}],"version-history":[{"count":1,"href":"https:\/\/denpasa.com.br\/pt-br\/wp-json\/wp\/v2\/pages\/155\/revisions"}],"predecessor-version":[{"id":157,"href":"https:\/\/denpasa.com.br\/pt-br\/wp-json\/wp\/v2\/pages\/155\/revisions\/157"}],"wp:attachment":[{"href":"https:\/\/denpasa.com.br\/pt-br\/wp-json\/wp\/v2\/media?parent=155"}],"curies":[{"name":"wp","href":"https:\/\/api.w.org\/{rel}","templated":true}]}}