{"id":2,"date":"2024-09-18T20:51:12","date_gmt":"2024-09-18T20:51:12","guid":{"rendered":"https:\/\/denpasa.com.br\/pt-br\/?page_id=2"},"modified":"2024-09-20T14:31:50","modified_gmt":"2024-09-20T14:31:50","slug":"start-page","status":"publish","type":"page","link":"https:\/\/denpasa.com.br\/pt-br\/","title":{"rendered":"Denpasa \u2013 Dend\u00ea do Par\u00e1 S\/A"},"content":{"rendered":"\n<p class=\"\">Seja bem vindo ao site da Denpasa.A\u00a0<strong>DENPASA \u2013 Dend\u00ea do Par\u00e1 S\/A<\/strong>\u00a0\u00e9 uma das pioneiras no neg\u00f3cio de \u00f3leo de palma (ou dend\u00ea) no Brasil, com mais de trinta e cinco anos de funcionamento na Cidade de Santa B\u00e1rbara do Par\u00e1 (<a href=\"https:\/\/denpasa.com.br\/pt-br\/historia\/\" data-type=\"page\" data-id=\"51\">leia mais<\/a>).<\/p>\n","protected":false},"excerpt":{"rendered":"<p>Seja bem vindo ao site da Denpasa.A\u00a0DENPASA \u2013 Dend\u00ea do Par\u00e1 S\/A\u00a0\u00e9 uma das pioneiras no neg\u00f3cio de \u00f3leo de palma (ou dend\u00ea) no Brasil, com mais de trinta e cinco anos de funcionamento na Cidade de Santa B\u00e1rbara do<\/p>\n","protected":false},"author":1,"featured_media":0,"parent":0,"menu_order":0,"comment_status":"closed","ping_status":"closed","template":"","meta":{"nf_dc_page":"","footnotes":""},"class_list":["post-2","page","type-page","status-publish","hentry"],"_links":{"self":[{"href":"https:\/\/denpasa.com.br\/pt-br\/wp-json\/wp\/v2\/pages\/2","targetHints":{"allow":["GET"]}}],"collection":[{"href":"https:\/\/denpasa.com.br\/pt-br\/wp-json\/wp\/v2\/pages"}],"about":[{"href":"https:\/\/denpasa.com.br\/pt-br\/wp-json\/wp\/v2\/types\/page"}],"author":[{"embeddable":true,"href":"https:\/\/denpasa.com.br\/pt-br\/wp-json\/wp\/v2\/users\/1"}],"replies":[{"embeddable":true,"href":"https:\/\/denpasa.com.br\/pt-br\/wp-json\/wp\/v2\/comments?post=2"}],"version-history":[{"count":3,"href":"https:\/\/denpasa.com.br\/pt-br\/wp-json\/wp\/v2\/pages\/2\/revisions"}],"predecessor-version":[{"id":203,"href":"https:\/\/denpasa.com.br\/pt-br\/wp-json\/wp\/v2\/pages\/2\/revisions\/203"}],"wp:attachment":[{"href":"https:\/\/denpasa.com.br\/pt-br\/wp-json\/wp\/v2\/media?parent=2"}],"curies":[{"name":"wp","href":"https:\/\/api.w.org\/{rel}","templated":true}]}}