{"id":250,"date":"2026-04-01T13:25:49","date_gmt":"2026-04-01T13:25:49","guid":{"rendered":"https:\/\/denpasa.com.br\/pt-br\/?page_id=250"},"modified":"2026-04-01T13:25:50","modified_gmt":"2026-04-01T13:25:50","slug":"relatorio-de-transparencia-e-igualdade-salarial-de-mulheres-e-homens-1o-semestre-2026-2","status":"publish","type":"page","link":"https:\/\/denpasa.com.br\/pt-br\/relatorio-de-transparencia-e-igualdade-salarial-de-mulheres-e-homens-1o-semestre-2026-2\/","title":{"rendered":"Relat\u00f3rio de Transpar\u00eancia e Igualdade Salarial de Mulheres e Homens &#8211; 1\u00ba Semestre 2026"},"content":{"rendered":"\n<div data-wp-interactive=\"core\/file\" class=\"wp-block-file\"><object data-wp-bind--hidden=\"!state.hasPdfPreview\" hidden class=\"wp-block-file__embed\" data=\"https:\/\/denpasa.com.br\/pt-br\/wp-content\/uploads\/2026\/04\/Relatorio-de-Transparencia-e-Igualdade-Salarial-de-Mulheres-e-Homens-1o-Semestre-2026-1.pdf\" type=\"application\/pdf\" style=\"width:100%;height:600px\" aria-label=\"Incorpora\u00e7\u00e3o de Relat\u00f3rio de Transpar\u00eancia e Igualdade Salarial de Mulheres e Homens - 1\u00ba Semestre 2026.\"><\/object><a id=\"wp-block-file--media-ddc64d41-b512-4182-a26c-e303a7cd0d27\" href=\"https:\/\/denpasa.com.br\/pt-br\/wp-content\/uploads\/2026\/04\/Relatorio-de-Transparencia-e-Igualdade-Salarial-de-Mulheres-e-Homens-1o-Semestre-2026-1.pdf\">Relat\u00f3rio de Transpar\u00eancia e Igualdade Salarial de Mulheres e Homens &#8211; 1\u00ba Semestre 2026<\/a><a href=\"https:\/\/denpasa.com.br\/pt-br\/wp-content\/uploads\/2026\/04\/Relatorio-de-Transparencia-e-Igualdade-Salarial-de-Mulheres-e-Homens-1o-Semestre-2026-1.pdf\" class=\"wp-block-file__button wp-element-button\" download aria-describedby=\"wp-block-file--media-ddc64d41-b512-4182-a26c-e303a7cd0d27\">Descarregar<\/a><\/div>\n","protected":false},"excerpt":{"rendered":"","protected":false},"author":1,"featured_media":0,"parent":0,"menu_order":0,"comment_status":"closed","ping_status":"closed","template":"","meta":{"nf_dc_page":"","footnotes":""},"class_list":["post-250","page","type-page","status-publish","hentry"],"_links":{"self":[{"href":"https:\/\/denpasa.com.br\/pt-br\/wp-json\/wp\/v2\/pages\/250","targetHints":{"allow":["GET"]}}],"collection":[{"href":"https:\/\/denpasa.com.br\/pt-br\/wp-json\/wp\/v2\/pages"}],"about":[{"href":"https:\/\/denpasa.com.br\/pt-br\/wp-json\/wp\/v2\/types\/page"}],"author":[{"embeddable":true,"href":"https:\/\/denpasa.com.br\/pt-br\/wp-json\/wp\/v2\/users\/1"}],"replies":[{"embeddable":true,"href":"https:\/\/denpasa.com.br\/pt-br\/wp-json\/wp\/v2\/comments?post=250"}],"version-history":[{"count":1,"href":"https:\/\/denpasa.com.br\/pt-br\/wp-json\/wp\/v2\/pages\/250\/revisions"}],"predecessor-version":[{"id":252,"href":"https:\/\/denpasa.com.br\/pt-br\/wp-json\/wp\/v2\/pages\/250\/revisions\/252"}],"wp:attachment":[{"href":"https:\/\/denpasa.com.br\/pt-br\/wp-json\/wp\/v2\/media?parent=250"}],"curies":[{"name":"wp","href":"https:\/\/api.w.org\/{rel}","templated":true}]}}