{"id":45,"date":"2024-09-19T14:04:31","date_gmt":"2024-09-19T14:04:31","guid":{"rendered":"https:\/\/denpasa.com.br\/pt-br\/?page_id=45"},"modified":"2024-09-19T19:29:11","modified_gmt":"2024-09-19T19:29:11","slug":"historia-e-futuro","status":"publish","type":"page","link":"https:\/\/denpasa.com.br\/pt-br\/historia-e-futuro\/","title":{"rendered":"Hist\u00f3ria e Futuro"},"content":{"rendered":"\n<p class=\"\">Desde a \u00e9poca dos fara\u00f3s eg\u00edpcios, a quase 5.000 anos, a palma oleaginosa tem sido uma importante fonte aliment\u00edcia para o ser humano. O \u00f3leo chegou ao Egito vindo da \u00c1frica Ocidental, de onde se origina a&nbsp;<em><strong>Elaeis guineensis<\/strong><\/em>, variedade que representa a grande maioria das planta\u00e7\u00f5es do mundo.<\/p>\n\n\n\n<p class=\"\">O&nbsp;<em><strong>Elaeis guineensis<\/strong><\/em>&nbsp;(africana) ocorre em v\u00e1rias regi\u00f5es da \u00c1frica, desde o Senegal at\u00e9 a regi\u00e3o da Nig\u00e9ria. Suas variedades s\u00e3o classificadas de acordo com a sua espessura (endocarpo):<\/p>\n\n\n\n<ul class=\"wp-block-list\">\n<li class=\"\"><strong>Dura<\/strong>&nbsp;\u2013 apresenta casca com mais de 2mm de espessura e fibras na polpa. Esta variedade \u00e9 usada como planta feminina na produ\u00e7\u00e3o de h\u00edbridos comerciais.<\/li>\n\n\n\n<li class=\"\"><strong>Psifera<\/strong>&nbsp;\u2013 os frutos desta variedade n\u00e3o possuem casca separando a polpa da am\u00eandoa. Ela \u00e9 usada como fornecedora de p\u00f3len na produ\u00e7\u00e3o de h\u00edbridos comerciais.<\/li>\n<\/ul>\n\n\n\n<figure class=\"wp-block-image size-full\"><img loading=\"lazy\" decoding=\"async\" width=\"800\" height=\"606\" src=\"https:\/\/denpasa.com.br\/pt-br\/wp-content\/uploads\/2024\/09\/historia_e_futuro001.png\" alt=\"\" class=\"wp-image-97\" srcset=\"https:\/\/denpasa.com.br\/pt-br\/wp-content\/uploads\/2024\/09\/historia_e_futuro001.png 800w, https:\/\/denpasa.com.br\/pt-br\/wp-content\/uploads\/2024\/09\/historia_e_futuro001-300x227.png 300w, https:\/\/denpasa.com.br\/pt-br\/wp-content\/uploads\/2024\/09\/historia_e_futuro001-768x582.png 768w\" sizes=\"auto, (max-width: 800px) 100vw, 800px\" \/><\/figure>\n\n\n\n<p class=\"\">No come\u00e7o do s\u00e9culo XX, a palma oleaginosa foi introduzida na Mal\u00e1sia como uma planta ornamental e somente plantada comercialmente pela primeira vez em 1917, o que deu origem \u00e0 ind\u00fastria de \u00f3leo de palma da Mal\u00e1sia, plantada em larga escala e caracterizando o \u00f3leo mais produtivo no mundo inteiro. No Brasil, chamada de \u201cpalmeira do dend\u00ea\u201d, foi introduzida pelos escravos africanos, no s\u00e9culo XVI, e se adaptou bem \u00e0s condi\u00e7\u00f5es clim\u00e1ticas do litoral da Bahia e na regi\u00e3o Norte do pa\u00eds.<\/p>\n\n\n\n<p class=\"\">Em 1951, o antigo Instituto Agron\u00f4mico do Norte (IAN), hoje Embrapa Amaz\u00f4nia Oriental, importou algumas linhagens da \u00c1frica com a finalidade de obter informa\u00e7\u00f5es b\u00e1sicas sobre as possibilidades do cultivo na regi\u00e3o amaz\u00f4nica. No entanto, a produ\u00e7\u00e3o em escala industrial come\u00e7ou tardiamente no Brasil. O plantio do dendezeiro no Par\u00e1 deve-se \u00e0 iniciativa da Superintend\u00eancia do Plano de Valoriza\u00e7\u00e3o Econ\u00f4mica da Amaz\u00f4nia (SPVEA), depois Superintend\u00eancia do Desenvolvimento da Amaz\u00f4nia (SUDAM), que em 1967, atrav\u00e9s de conv\u00eanio com o&nbsp;<em>Institut de Recherches pour les Huiles et Ol\u00e9agineux<\/em>&nbsp;(IRHO \u2013 Fran\u00e7a), iniciou uma planta\u00e7\u00e3o de 1.500 ha no munic\u00edpio de Benevides. O projeto contemplava um total de 3.000 ha de plantios sendo os restantes 1.500 ha constitu\u00eddos por planta\u00e7\u00f5es sat\u00e9lites de agricultores locais. Este projeto foi posteriormente privatizado dando origem \u00e0 empresa pioneira do setor, Dend\u00ea do Par\u00e1 S.A. \u2013 DENPASA (<em>Veiga et al.<\/em>&nbsp;<em>2001<\/em>) .<\/p>\n\n\n\n<p class=\"\">O dendezeiro \u00e9 considerado a oleaginosa de maior produtividade em todo o mundo, com rendimento de 4 a 6 toneladas de \u00f3leo\/ha, correspondendo 20 a 25 toneladas de cachos de frutos frescos (CFF) por hectare. Em alguns casos, combinando-se clima e solo, \u00e9 poss\u00edvel alcan\u00e7ar mais de 35 t\/ha.<\/p>\n\n\n\n<p class=\"\">\u00c9 uma cultura perene, cujo plantio \u00e9 feito a partir de mudas que se desenvolveram durante 12 a 18 meses em viveiro at\u00e9 alcan\u00e7arem a maturidade para o plantio definitivo. Sua produ\u00e7\u00e3o inicia aos 3 anos de idade, atingindo seu rendimento m\u00e1ximo entre os 7 e 15 anos. O replantio \u00e9 feito ap\u00f3s 25 a 30 anos, quando torna-se anti-econ\u00f4mica a coleta dos frutos devido a altura alcan\u00e7ada pelas palmeiras. Ao contr\u00e1rio das demais oleaginosas, o dend\u00ea produz durante o ano todo, n\u00e3o apresentando safras estacionais, o que facilita a fixa\u00e7\u00e3o da m\u00e3o-de-obra e reduz os problemas com eros\u00e3o. O dend\u00ea \u00e9 considerado uma cultura florestal, pois contribui para a redu\u00e7\u00e3o de impactos ambientais. Por ser uma cultura de f\u00e1cil manejo e trato, \u00e9 \u00f3tima op\u00e7\u00e3o para a agricultura familiar, proporcionando emprego e renda no meio rural. Algumas empresas compram toda a produ\u00e7\u00e3o de cachos de frutos frescos (CFF) destes pequenos agricultores. O dend\u00ea pode colaborar com a inclus\u00e3o social e prote\u00e7\u00e3o ao meio-ambiente.<\/p>\n\n\n\n<figure class=\"wp-block-image size-full\"><img loading=\"lazy\" decoding=\"async\" width=\"525\" height=\"397\" src=\"https:\/\/denpasa.com.br\/pt-br\/wp-content\/uploads\/2024\/09\/historia_e_futuro002.png\" alt=\"\" class=\"wp-image-99\" srcset=\"https:\/\/denpasa.com.br\/pt-br\/wp-content\/uploads\/2024\/09\/historia_e_futuro002.png 525w, https:\/\/denpasa.com.br\/pt-br\/wp-content\/uploads\/2024\/09\/historia_e_futuro002-300x227.png 300w\" sizes=\"auto, (max-width: 525px) 100vw, 525px\" \/><\/figure>\n\n\n\n<p class=\"\">O dend\u00ea, cultura arb\u00f3rea e perene, \u00e9 indicado para recupera\u00e7\u00e3o de \u00e1reas degradadas na Amaz\u00f4nia. Por ser uma cultura que gera 1 (um) emprego direto para cada 7 ha de plantio, o dend\u00ea \u00e9 indicado como uma excelente op\u00e7\u00e3o para o assentamento rural, ideal portanto para a reforma agr\u00e1ria assentar milh\u00f5es de fam\u00edlias. Estima-se que uma fam\u00edlia de 5 (cinco) pessoas possa cuidar e explorar uma \u00e1rea de 10 ha, sem a necessidade de equipamento agr\u00edcolas mecanizados, gerando renda suficiente para se manter dignamente. Levando-se em considera\u00e7\u00e3o os pre\u00e7os atuais do \u00d3leo de Palma (Abril\/2010), um hectare de dend\u00ea gera uma receita bruta de R$ 7.500,00\/ano e um custo estimado de R$ 3.750,00\/ano. Com 10 ha, uma fam\u00edlia obt\u00e9m uma renda anual de R$ 37.500,00.<\/p>\n\n\n\n<p class=\"\">Como a caracter\u00edstica da cultura do dend\u00ea exige beneficiamento dos frutos no m\u00e1ximo em 72 horas ap\u00f3s a colheita, torna necess\u00e1ria a instala\u00e7\u00e3o de ind\u00fastrias de extra\u00e7\u00e3o de \u00f3leo bruto junto aos plantios, gerando ainda mais empregos.<br>Outra esp\u00e9cie pura do dend\u00ea \u00e9 a de origem&nbsp;americana, conhecido como&nbsp;<strong>Caiau\u00e9<\/strong>&nbsp;(<em><strong>Elaeis ole\u00edfera<\/strong><\/em>), esp\u00e9cie que ocorre na Am\u00e9rica do Sul e na Am\u00e9rica Central, especialmente no Brasil, Col\u00f4mbia, Equador, Venezuela, Costa Rica, Guatemala e Porto Rico. O&nbsp;<strong>Caiau\u00e9<\/strong>&nbsp;n\u00e3o tem planta\u00e7\u00f5es em escala comercial, mas \u00e9 de grande import\u00e2ncia para cruzamentos com a palma de origem africana.<\/p>\n\n\n\n<figure class=\"wp-block-image size-full\"><img loading=\"lazy\" decoding=\"async\" width=\"334\" height=\"350\" src=\"https:\/\/denpasa.com.br\/pt-br\/wp-content\/uploads\/2024\/09\/historia_e_futuro003.png\" alt=\"\" class=\"wp-image-100\" srcset=\"https:\/\/denpasa.com.br\/pt-br\/wp-content\/uploads\/2024\/09\/historia_e_futuro003.png 334w, https:\/\/denpasa.com.br\/pt-br\/wp-content\/uploads\/2024\/09\/historia_e_futuro003-286x300.png 286w\" sizes=\"auto, (max-width: 334px) 100vw, 334px\" \/><\/figure>\n\n\n\n<p class=\"\">O&nbsp;<strong>Caiau\u00e9<\/strong>&nbsp;produz pouco \u00f3leo, mas de boa qualidade e com teor elevado de \u00e1cido graxo monoinsaturado, e \u00e9 de extrema import\u00e2ncia gen\u00e9tica para ser utilizado na hibrida\u00e7\u00e3o com&nbsp;<em><strong>Elaeis guineensis<\/strong><\/em>&nbsp;para obten\u00e7\u00e3o de cruzamentos resistentes a determinadas doen\u00e7as.<\/p>\n\n\n\n<p class=\"\">A palma h\u00edbrida \u00e9 cultivada principalmente nos pa\u00edses como a Col\u00f4mbia e Equador (em maior escala) e no Brasil (em menor escala). O surgimento do h\u00edbrido foi em decorr\u00eancia do surgimento de doen\u00e7as, conhecidas como&nbsp;<em>Pudricion Del Cogollo<\/em>&nbsp;(<em>PC<\/em>) e&nbsp;<em>Amarelecimento Fatal<\/em>&nbsp;(<em>AF<\/em>) no Brasil, que dizimaram grandes \u00e1reas nas regi\u00f5es de elevada pluviosidade.<\/p>\n\n\n\n<figure class=\"wp-block-image size-full\"><img loading=\"lazy\" decoding=\"async\" width=\"800\" height=\"600\" src=\"https:\/\/denpasa.com.br\/pt-br\/wp-content\/uploads\/2024\/09\/historia_e_futuro004.png\" alt=\"\" class=\"wp-image-101\" srcset=\"https:\/\/denpasa.com.br\/pt-br\/wp-content\/uploads\/2024\/09\/historia_e_futuro004.png 800w, https:\/\/denpasa.com.br\/pt-br\/wp-content\/uploads\/2024\/09\/historia_e_futuro004-300x225.png 300w, https:\/\/denpasa.com.br\/pt-br\/wp-content\/uploads\/2024\/09\/historia_e_futuro004-768x576.png 768w\" sizes=\"auto, (max-width: 800px) 100vw, 800px\" \/><\/figure>\n\n\n\n<p class=\"\">O h\u00edbrido denominado\u00a0<strong>intra-espec\u00edfico<\/strong>\u00a0\u00e9 aquele resultante do cruzamento de variedades da mesma esp\u00e9cie (<em><strong>Elaeis guineensis<\/strong>\u00a0x\u00a0<strong>Elaeis guineensis<\/strong>).<\/em><\/p>\n\n\n\n<figure class=\"wp-block-image size-full is-resized\"><img loading=\"lazy\" decoding=\"async\" width=\"250\" height=\"200\" src=\"https:\/\/denpasa.com.br\/pt-br\/wp-content\/uploads\/2024\/09\/historia_e_futuro005.png\" alt=\"\" class=\"wp-image-102\" style=\"width:250px;height:auto\"\/><\/figure>\n\n\n\n<p class=\"\"><strong>Tenera<\/strong>\u00a0\u2013 obtido atrav\u00e9s do cruzamento entre as variedades\u00a0<strong>Dura<\/strong>\u00a0e\u00a0<strong>Psifera\u00a0<\/strong>(h\u00edbrido dentro da mesma esp\u00e9cie). Apresenta espessura de casca inferior a 2mm e um anel fibroso ao seu redor. Este h\u00edbrido \u00e9 recomendado para plantios comerciais, por\u00e9m n\u00e3o demonstrou resist\u00eancia ao\u00a0<em>Amarelecimento Fatal<\/em>\u00a0(AF).<\/p>\n\n\n\n<p class=\"\">O h\u00edbrido denominado\u00a0<strong>interespec\u00edfico<\/strong>\u00a0\u00e9 aquele resultante do cruzamento de variedades de esp\u00e9cies diferentes (<em><strong>Elaeis guineensis<\/strong><\/em>\u00a0x\u00a0<em><strong>Elaeis ole\u00edfera<\/strong><\/em>), batizado com os\u00a0<em>nomes dos locais de sua ocorr\u00eancia<\/em>.<\/p>\n\n\n\n<p class=\"\"><strong>A DENPASA realizou pesquisas intensas e hoje mant\u00e9m plantio comercial da variedade do dend\u00ea h\u00edbrido&nbsp;<\/strong><em><strong>interespec\u00edfico<\/strong><\/em><strong>&nbsp;em plena produ\u00e7\u00e3o, em \u00e1rea pr\u00f3xima a Bel\u00e9m\/PA (regi\u00e3o prop\u00edcia para a cultura), apresentando ao mercado este h\u00edbrido (Caiau\u00e9 x dend\u00ea africano), que vem se tornando uma op\u00e7\u00e3o muito importante, principalmente pela sua toler\u00e2ncia \u00e0s pragas e doen\u00e7as, herdando do Caiau\u00e9 todas as qualidades do \u00f3leo, com \u00f3tima capacidade produtiva.<\/strong><\/p>\n\n\n\n<figure class=\"wp-block-gallery has-nested-images columns-default is-cropped wp-block-gallery-1 is-layout-flex wp-block-gallery-is-layout-flex\">\n<figure class=\"wp-block-image size-large\"><img loading=\"lazy\" decoding=\"async\" width=\"684\" height=\"514\" data-id=\"103\" src=\"https:\/\/denpasa.com.br\/pt-br\/wp-content\/uploads\/2024\/09\/historia_e_futuro007.png\" alt=\"\" class=\"wp-image-103\" srcset=\"https:\/\/denpasa.com.br\/pt-br\/wp-content\/uploads\/2024\/09\/historia_e_futuro007.png 684w, https:\/\/denpasa.com.br\/pt-br\/wp-content\/uploads\/2024\/09\/historia_e_futuro007-300x225.png 300w\" sizes=\"auto, (max-width: 684px) 100vw, 684px\" \/><\/figure>\n\n\n\n<figure class=\"wp-block-image size-large\"><img loading=\"lazy\" decoding=\"async\" width=\"684\" height=\"515\" data-id=\"104\" src=\"https:\/\/denpasa.com.br\/pt-br\/wp-content\/uploads\/2024\/09\/historia_e_futuro006.png\" alt=\"\" class=\"wp-image-104\" srcset=\"https:\/\/denpasa.com.br\/pt-br\/wp-content\/uploads\/2024\/09\/historia_e_futuro006.png 684w, https:\/\/denpasa.com.br\/pt-br\/wp-content\/uploads\/2024\/09\/historia_e_futuro006-300x226.png 300w\" sizes=\"auto, (max-width: 684px) 100vw, 684px\" \/><\/figure>\n<\/figure>\n\n\n\n<p class=\"\">Pa\u00edses como a Col\u00f4mbia e Equador, que possuem quatro a cinco vezes mais \u00e1reas cultivadas do que o Brasil, est\u00e3o utilizando outra variedade h\u00edbrida para realizar suas planta\u00e7\u00f5es, denominada Coari, oriunda do Brasil.<strong>\u00a0A DENPASA, em parceria com a Embrapa\/CPAA, introduziu na d\u00e9cada de 90 v\u00e1rios h\u00edbridos de v\u00e1rias origens e os melhores resultados foram obtidos com a variedade h\u00edbrida Manicor\u00e9, que veio da regi\u00e3o de Manicor\u00e9\/AM.<\/strong><\/p>\n\n\n\n<figure class=\"wp-block-image size-full\"><img loading=\"lazy\" decoding=\"async\" width=\"800\" height=\"604\" src=\"https:\/\/denpasa.com.br\/pt-br\/wp-content\/uploads\/2024\/09\/historia_e_futuro008.png\" alt=\"\" class=\"wp-image-105\" srcset=\"https:\/\/denpasa.com.br\/pt-br\/wp-content\/uploads\/2024\/09\/historia_e_futuro008.png 800w, https:\/\/denpasa.com.br\/pt-br\/wp-content\/uploads\/2024\/09\/historia_e_futuro008-300x227.png 300w, https:\/\/denpasa.com.br\/pt-br\/wp-content\/uploads\/2024\/09\/historia_e_futuro008-768x580.png 768w\" sizes=\"auto, (max-width: 800px) 100vw, 800px\" \/><\/figure>\n\n\n\n<p class=\"\"><strong>Al\u00e9m disso, o \u00f3leo produzido com o h\u00edbrido Manicor\u00e9 \u00e9 de \u00f3tima qualidade:<\/strong><\/p>\n\n\n\n<figure class=\"wp-block-image size-full\"><img loading=\"lazy\" decoding=\"async\" width=\"878\" height=\"320\" src=\"https:\/\/denpasa.com.br\/pt-br\/wp-content\/uploads\/2024\/09\/historia_e_futuro009.png\" alt=\"\" class=\"wp-image-106\" srcset=\"https:\/\/denpasa.com.br\/pt-br\/wp-content\/uploads\/2024\/09\/historia_e_futuro009.png 878w, https:\/\/denpasa.com.br\/pt-br\/wp-content\/uploads\/2024\/09\/historia_e_futuro009-300x109.png 300w, https:\/\/denpasa.com.br\/pt-br\/wp-content\/uploads\/2024\/09\/historia_e_futuro009-768x280.png 768w\" sizes=\"auto, (max-width: 878px) 100vw, 878px\" \/><\/figure>\n\n\n\n<ul class=\"wp-block-list\">\n<li class=\"\"><strong>Fontes de \u00e1cidos graxos insaturados est\u00e3o relacionadas com a diminui\u00e7\u00e3o dos n\u00edveis de colesterol circulantes e conseq\u00fcentemente ao menor risco para o aparecimento de doen\u00e7as cardiovasculares.<\/strong><\/li>\n<\/ul>\n\n\n\n<p class=\"\"><strong>No Brasil, o \u00fanico produtor de sementes de dend\u00ea \u00e9 a Embrapa de Manaus, por\u00e9m sua capacidade de produ\u00e7\u00e3o \u00e9 limitada, principalmente na semente do h\u00edbrido Manicor\u00e9, pela limita\u00e7\u00e3o de matrizes. A DENPASA, possuidora de bosques de matrizes de&nbsp;<\/strong><em><strong>Elaeis ole\u00edfera<\/strong><\/em><strong>&nbsp;no munic\u00edpio de Manicor\u00e9\/AM, estar\u00e1 preparada para produzir sementes do h\u00edbrido Manicor\u00e9 em parceria com a Embrapa, visando atender a demanda que est\u00e1 surgindo atrav\u00e9s do programa do Governo Federal de incentivo \u00e0 cultura do dend\u00ea, principalmente no estado do Par\u00e1. Fala-se de um programa de 1 milh\u00e3o de hectares.<\/strong><\/p>\n\n\n\n<p class=\"\"><strong>A continuidade da dendeicultura na Amaz\u00f4nia est\u00e1 condicionada a viabilidade econ\u00f4mica dos \u201cH\u00edbridos Interespec\u00edficos\u201d que est\u00e3o sendo pesquisados e avaliados pela DENPASA, que possui estes materiais em suas propriedades. Gra\u00e7as aos resultados j\u00e1 alcan\u00e7ados, hoje j\u00e1 \u00e9 uma realidade a renova\u00e7\u00e3o de sua planta\u00e7\u00e3o, a n\u00edveis econ\u00f4micos. Mas as pesquisas n\u00e3o p\u00e1ram. A DENPASA continua coletando informa\u00e7\u00f5es e pesquisando o melhor para o cultivo do dend\u00ea.<\/strong><\/p>\n\n\n\n<p class=\"\"><strong>A DENPASA TECNOLOGIA LTDA \u00e9 a nova empresa do grupo que vai gerir todos os recursos t\u00e9cnicos para produzir sementes de palma h\u00edbrida, conhecida no Brasil como dend\u00ea h\u00edbrido, em parceria com a Embrapa. Maiores informa\u00e7\u00f5es, favor entrar em contato atrav\u00e9s do telefone&nbsp;(91) 99269.8300.<\/strong><\/p>\n","protected":false},"excerpt":{"rendered":"<p>Desde a \u00e9poca dos fara\u00f3s eg\u00edpcios, a quase 5.000 anos, a palma oleaginosa tem sido uma importante fonte aliment\u00edcia para o ser humano. O \u00f3leo chegou ao Egito vindo da \u00c1frica Ocidental, de onde se origina a&nbsp;Elaeis guineensis, variedade que<\/p>\n","protected":false},"author":1,"featured_media":0,"parent":0,"menu_order":0,"comment_status":"closed","ping_status":"closed","template":"","meta":{"nf_dc_page":"","footnotes":""},"class_list":["post-45","page","type-page","status-publish","hentry"],"_links":{"self":[{"href":"https:\/\/denpasa.com.br\/pt-br\/wp-json\/wp\/v2\/pages\/45","targetHints":{"allow":["GET"]}}],"collection":[{"href":"https:\/\/denpasa.com.br\/pt-br\/wp-json\/wp\/v2\/pages"}],"about":[{"href":"https:\/\/denpasa.com.br\/pt-br\/wp-json\/wp\/v2\/types\/page"}],"author":[{"embeddable":true,"href":"https:\/\/denpasa.com.br\/pt-br\/wp-json\/wp\/v2\/users\/1"}],"replies":[{"embeddable":true,"href":"https:\/\/denpasa.com.br\/pt-br\/wp-json\/wp\/v2\/comments?post=45"}],"version-history":[{"count":2,"href":"https:\/\/denpasa.com.br\/pt-br\/wp-json\/wp\/v2\/pages\/45\/revisions"}],"predecessor-version":[{"id":107,"href":"https:\/\/denpasa.com.br\/pt-br\/wp-json\/wp\/v2\/pages\/45\/revisions\/107"}],"wp:attachment":[{"href":"https:\/\/denpasa.com.br\/pt-br\/wp-json\/wp\/v2\/media?parent=45"}],"curies":[{"name":"wp","href":"https:\/\/api.w.org\/{rel}","templated":true}]}}