{"id":49,"date":"2024-09-19T14:14:47","date_gmt":"2024-09-19T14:14:47","guid":{"rendered":"https:\/\/denpasa.com.br\/pt-br\/?page_id=49"},"modified":"2024-09-19T18:35:02","modified_gmt":"2024-09-19T18:35:02","slug":"transparencia-salarial","status":"publish","type":"page","link":"https:\/\/denpasa.com.br\/pt-br\/transparencia-salarial\/","title":{"rendered":"Relat\u00f3rio de Transpar\u00eancia e Igualdade Salarial de Mulheres e Homens &#8211; 1\u00ba Semestre 2024"},"content":{"rendered":"\n<div data-wp-interactive=\"core\/file\" class=\"wp-block-file\"><object data-wp-bind--hidden=\"!state.hasPdfPreview\" hidden class=\"wp-block-file__embed\" data=\"https:\/\/denpasa.com.br\/pt-br\/wp-content\/uploads\/2024\/09\/Relatorio_Transparencia_Denpasa_1_semestre.pdf\" type=\"application\/pdf\" style=\"width:100%;height:600px\" aria-label=\"Incorpora\u00e7\u00e3o de Relatorio de Transpar\u00eancia e Igualdade Salarial - Primeiro Semestre 2024.\"><\/object><a id=\"wp-block-file--media-4532f35c-b08d-468b-ad2e-7d559880a11a\" href=\"https:\/\/denpasa.com.br\/pt-br\/wp-content\/uploads\/2024\/09\/Relatorio_Transparencia_Denpasa_1_semestre.pdf\">Relatorio de Transpar\u00eancia e Igualdade Salarial &#8211; Primeiro Semestre 2024<\/a><a href=\"https:\/\/denpasa.com.br\/pt-br\/wp-content\/uploads\/2024\/09\/Relatorio_Transparencia_Denpasa_1_semestre.pdf\" class=\"wp-block-file__button wp-element-button\" download aria-describedby=\"wp-block-file--media-4532f35c-b08d-468b-ad2e-7d559880a11a\">Descarregar<\/a><\/div>\n","protected":false},"excerpt":{"rendered":"","protected":false},"author":1,"featured_media":0,"parent":0,"menu_order":0,"comment_status":"closed","ping_status":"closed","template":"","meta":{"nf_dc_page":"","footnotes":""},"class_list":["post-49","page","type-page","status-publish","hentry"],"_links":{"self":[{"href":"https:\/\/denpasa.com.br\/pt-br\/wp-json\/wp\/v2\/pages\/49","targetHints":{"allow":["GET"]}}],"collection":[{"href":"https:\/\/denpasa.com.br\/pt-br\/wp-json\/wp\/v2\/pages"}],"about":[{"href":"https:\/\/denpasa.com.br\/pt-br\/wp-json\/wp\/v2\/types\/page"}],"author":[{"embeddable":true,"href":"https:\/\/denpasa.com.br\/pt-br\/wp-json\/wp\/v2\/users\/1"}],"replies":[{"embeddable":true,"href":"https:\/\/denpasa.com.br\/pt-br\/wp-json\/wp\/v2\/comments?post=49"}],"version-history":[{"count":5,"href":"https:\/\/denpasa.com.br\/pt-br\/wp-json\/wp\/v2\/pages\/49\/revisions"}],"predecessor-version":[{"id":89,"href":"https:\/\/denpasa.com.br\/pt-br\/wp-json\/wp\/v2\/pages\/49\/revisions\/89"}],"wp:attachment":[{"href":"https:\/\/denpasa.com.br\/pt-br\/wp-json\/wp\/v2\/media?parent=49"}],"curies":[{"name":"wp","href":"https:\/\/api.w.org\/{rel}","templated":true}]}}