{"id":51,"date":"2024-09-19T15:30:57","date_gmt":"2024-09-19T15:30:57","guid":{"rendered":"https:\/\/denpasa.com.br\/pt-br\/?page_id=51"},"modified":"2024-09-19T18:42:19","modified_gmt":"2024-09-19T18:42:19","slug":"historia","status":"publish","type":"page","link":"https:\/\/denpasa.com.br\/pt-br\/historia\/","title":{"rendered":"Hist\u00f3ria"},"content":{"rendered":"\n<p class=\"\">A&nbsp;<strong>DENPASA \u2013 Dend\u00ea do Par\u00e1 S\/A<\/strong>&nbsp;\u00e9 uma das pioneiras no neg\u00f3cio de \u00f3leo de palma (ou dend\u00ea) no Brasil, com mais de trinta e cinco anos de funcionamento na Cidade de Santa B\u00e1rbara do Par\u00e1, \u201cRefer\u00eancia Nacional\u201d pelo sucesso da adaptabilidade do dend\u00ea \u00e0s condi\u00e7\u00f5es edafo-clim\u00e1ticas da Regi\u00e3o Norte do pa\u00eds, fomentando o agroneg\u00f3cio e a agroindustrializa\u00e7\u00e3o do produto, dando confiabilidade para a implanta\u00e7\u00e3o de novas empresas. Tamb\u00e9m, promoveu o desenvolvimento s\u00f3cio-econ\u00f4mico, cultural, cient\u00edfico, tecnol\u00f3gico e ambiental dos munic\u00edpios localizados principalmente na regi\u00e3o metropolitana de Bel\u00e9m.<\/p>\n\n\n\n<p class=\"\">O plantio do dendezeiro no Par\u00e1 deve-se \u00e0 iniciativa da Superintend\u00eancia do Plano de Valoriza\u00e7\u00e3o Econ\u00f4mica da Amaz\u00f4nia (SPVEA), depois Superintend\u00eancia do Desenvolvimento da Amaz\u00f4nia (SUDAM), que em 1967 por iniciativa da Dra. Clara Pandolfo, superintendente da \u00e9poca, atrav\u00e9s de conv\u00eanio firmado com o&nbsp;<em>Institut de Recherches pour les Huiles et Ol\u00e9agineux<\/em>&nbsp;(IRHO \u2013 Fran\u00e7a), iniciou um projeto de 1.500 ha no munic\u00edpio de Benevides. O projeto contemplava um total de 3.000 ha de plantios sendo os restantes 1.500 ha constitu\u00eddos por planta\u00e7\u00f5es sat\u00e9lites de agricultores locais. Este projeto foi posteriormente privatizado dando origem \u00e0 empresa pioneira do setor, Dend\u00ea do Par\u00e1 S.A. \u2013 DENPASA (Veiga et al. 2001) .<\/p>\n\n\n\n<p class=\"\">Em 1972 este projeto passou para m\u00e3o da iniciativa privada numa \u201c<em>Join Venture<\/em>\u201d entre a SUDAM e HVA (Banco Holand\u00eas) e no dia 20 de outubro de 1973 \u00e9 fundada a empresa Dend\u00ea do Par\u00e1 S.A. \u2013 DENPASA, inaugurando em 1975 a constru\u00e7\u00e3o da primeira Usina para processamento de \u00d3leo de Palma no estado do Par\u00e1.<\/p>\n\n\n\n<p class=\"\">Em 1978, ocorre a nacionaliza\u00e7\u00e3o da DENPASA, o controle acion\u00e1rio que era da HVA \u2013 Banco Holand\u00eas, passa a ser exercida pela Companhia Cotia Trading (empresa do grupo OMB \u2013 Ov\u00eddio Miranda Brito). A partir de ent\u00e3o a DENPASA expandiu o plantio de Palma para 7.576 ha, operando com 3 (tr\u00eas) unidades extratoras, sendo duas no munic\u00edpio de Benevides e uma no munic\u00edpio de Acar\u00e1, tornando-se um dos maiores contribuintes de impostos do estado do Par\u00e1 na d\u00e9cada de 80. A participa\u00e7\u00e3o da DENPASA na expans\u00e3o e no desenvolvimento da dendeicultura na Amaz\u00f4nia em decorr\u00eancia de seu pioneirismo teve uma expressiva contribui\u00e7\u00e3o atrav\u00e9s da transfer\u00eancia de tecnologias adquiridas por experi\u00eancias pr\u00f3prias e conv\u00eanios com \u00f3rg\u00e3os Nacionais e Internacionais.<\/p>\n\n\n\n<p class=\"\">A difus\u00e3o da tecnologia e o excelente desempenho agroindustrial estimularam o surgimento de plantios ao n\u00edvel de produtor rural e empresas de grande porte, estimuladas pela pol\u00edtica de incentivo fiscal por parte do Governo Federal atrav\u00e9s da SUDAM, surgindo novos empreendimentos como a DEANAM, REASA, AGROMENDES e CRAI, que posteriormente se fundiram para a forma\u00e7\u00e3o da AGROPALMA. Outras empresas e cooperativas tamb\u00e9m surgiram na \u00e9poca, com destaque para CODENPA, DENTAU\u00c1, MARBORGES e PALMASA.<\/p>\n\n\n\n<figure class=\"wp-block-image size-full\"><img loading=\"lazy\" decoding=\"async\" width=\"430\" height=\"283\" src=\"https:\/\/denpasa.com.br\/pt-br\/wp-content\/uploads\/2024\/09\/historia001.png\" alt=\"\" class=\"wp-image-94\" srcset=\"https:\/\/denpasa.com.br\/pt-br\/wp-content\/uploads\/2024\/09\/historia001.png 430w, https:\/\/denpasa.com.br\/pt-br\/wp-content\/uploads\/2024\/09\/historia001-300x197.png 300w\" sizes=\"auto, (max-width: 430px) 100vw, 430px\" \/><\/figure>\n\n\n\n<p class=\"\">O dendezeiro \u00e9 uma das oleaginosas de maior produtividade em todo o mundo, com rendimento de 4 a 6 t\/ha de \u00f3leo, cujo consumo tem apresentado crescimento de 10% ao ano, sendo o&nbsp;<strong>\u00f3leo vegetal mais produzido e consumido no mundo<\/strong>. (Fonte:&nbsp;<em>Oil World Annual<\/em>&nbsp;2009)<\/p>\n\n\n\n<p class=\"\">O dend\u00ea \u00e9 uma cultura perene, produz o ano todo facilitando a fixa\u00e7\u00e3o do homem ao campo. Al\u00e9m de ser a melhor op\u00e7\u00e3o ecol\u00f3gica e econ\u00f4mica para a regi\u00e3o amaz\u00f4nica, principalmente para a recupera\u00e7\u00e3o das \u00e1reas desmatadas, a cultura traz grandes benef\u00edcios sociais, atrav\u00e9s da gera\u00e7\u00e3o de empregos fixos, pois a colheita e o processamento dos cachos ocorrem durante o ano todo. Em m\u00e9dia, cada 7,0 ha de dend\u00ea gera um emprego direto.<\/p>\n\n\n\n<p class=\"\">O \u00f3leo de palma \u00e9 uma commodity comercializada em todo o mundo, sendo largamente utilizada na fabrica\u00e7\u00e3o de margarinas, gorduras, \u00f3leo de cozinha e sab\u00f5es, com grandes perspectivas na ind\u00fastria qu\u00edmica.<\/p>\n\n\n\n<p class=\"\">O dendezeiro produz o ano todo, por mais de 25 anos, facilitando a fixa\u00e7\u00e3o do homem ao campo. Tem como caracter\u00edstica um fator muito importante na economia moderna, que \u00e9 o chamado \u201cZero Waste\u201d, pois tudo \u00e9 aproveitado no manejo da cultura.<\/p>\n\n\n\n<p class=\"\">Assim como a cultura da seringueira, a cultura do dend\u00ea tamb\u00e9m \u00e9 considerada \u201cenvironmental friendly\u201d, pois contribui para fixa\u00e7\u00e3o do carbono durante a fase de crescimento das plantas, reduzindo o efeito estufa, al\u00e9m de outras vantagens ambientais.<\/p>\n\n\n\n<p class=\"\">O dendezeiro, como planta perene de porte arb\u00f3reo, apresenta um potencial consider\u00e1vel para imobilizar o carbono atmosf\u00e9rico. Na absor\u00e7\u00e3o de CO<sub>2<\/sub>, o dendezeiro perde somente para o eucalipto, apresentando melhores n\u00fameros que as florestas temperadas e at\u00e9 mesmo tropicais (<em>Viegas &amp; Muller 2000<\/em>). Conforme&nbsp;<em>Hartley (1977)<\/em>, a fixa\u00e7\u00e3o de carbono pelo dendezeiro \u00e9 de 13,25 toneladas de carbono por hectare\/ano.<\/p>\n\n\n\n<p class=\"\">A expectativa em rela\u00e7\u00e3o \u00e0 cultura do dendezeiro adv\u00e9m de sua relev\u00e2ncia para o cen\u00e1rio energ\u00e9tico e ecol\u00f3gico.&nbsp;<em>Boddey (1993<\/em>) salientou que se 30% da \u00e1rea desflorestada da Amaz\u00f4nia brasileira fosse utilizada para o plantio dessa palmeira oleaginosa, haveria possibilidade de suprir a demanda di\u00e1ria de 460 mil barris de \u00f3leo diesel consumidos no pa\u00eds, com a vantagem de gerar empregos para a popula\u00e7\u00e3o da regi\u00e3o, al\u00e9m de que o \u00f3leo combust\u00edvel gerado pelo dendezeiro \u00e9 renov\u00e1vel e n\u00e3o contribui para o aumento do efeito estufa.<\/p>\n\n\n\n<figure class=\"wp-block-image size-full\"><img loading=\"lazy\" decoding=\"async\" width=\"712\" height=\"474\" src=\"https:\/\/denpasa.com.br\/pt-br\/wp-content\/uploads\/2024\/09\/historia002.png\" alt=\"\" class=\"wp-image-95\" srcset=\"https:\/\/denpasa.com.br\/pt-br\/wp-content\/uploads\/2024\/09\/historia002.png 712w, https:\/\/denpasa.com.br\/pt-br\/wp-content\/uploads\/2024\/09\/historia002-300x200.png 300w\" sizes=\"auto, (max-width: 712px) 100vw, 712px\" \/><\/figure>\n","protected":false},"excerpt":{"rendered":"<p>A&nbsp;DENPASA \u2013 Dend\u00ea do Par\u00e1 S\/A&nbsp;\u00e9 uma das pioneiras no neg\u00f3cio de \u00f3leo de palma (ou dend\u00ea) no Brasil, com mais de trinta e cinco anos de funcionamento na Cidade de Santa B\u00e1rbara do Par\u00e1, \u201cRefer\u00eancia Nacional\u201d pelo sucesso da<\/p>\n","protected":false},"author":1,"featured_media":0,"parent":0,"menu_order":0,"comment_status":"closed","ping_status":"closed","template":"","meta":{"nf_dc_page":"","footnotes":""},"class_list":["post-51","page","type-page","status-publish","hentry"],"_links":{"self":[{"href":"https:\/\/denpasa.com.br\/pt-br\/wp-json\/wp\/v2\/pages\/51","targetHints":{"allow":["GET"]}}],"collection":[{"href":"https:\/\/denpasa.com.br\/pt-br\/wp-json\/wp\/v2\/pages"}],"about":[{"href":"https:\/\/denpasa.com.br\/pt-br\/wp-json\/wp\/v2\/types\/page"}],"author":[{"embeddable":true,"href":"https:\/\/denpasa.com.br\/pt-br\/wp-json\/wp\/v2\/users\/1"}],"replies":[{"embeddable":true,"href":"https:\/\/denpasa.com.br\/pt-br\/wp-json\/wp\/v2\/comments?post=51"}],"version-history":[{"count":2,"href":"https:\/\/denpasa.com.br\/pt-br\/wp-json\/wp\/v2\/pages\/51\/revisions"}],"predecessor-version":[{"id":96,"href":"https:\/\/denpasa.com.br\/pt-br\/wp-json\/wp\/v2\/pages\/51\/revisions\/96"}],"wp:attachment":[{"href":"https:\/\/denpasa.com.br\/pt-br\/wp-json\/wp\/v2\/media?parent=51"}],"curies":[{"name":"wp","href":"https:\/\/api.w.org\/{rel}","templated":true}]}}