{"id":86,"date":"2024-09-19T18:34:13","date_gmt":"2024-09-19T18:34:13","guid":{"rendered":"https:\/\/denpasa.com.br\/pt-br\/?page_id=86"},"modified":"2024-09-19T18:34:14","modified_gmt":"2024-09-19T18:34:14","slug":"relatorio-de-transparencia-e-igualdade-salarial-de-mulheres-e-homens-2o-semestre-2024","status":"publish","type":"page","link":"https:\/\/denpasa.com.br\/pt-br\/relatorio-de-transparencia-e-igualdade-salarial-de-mulheres-e-homens-2o-semestre-2024\/","title":{"rendered":"Relat\u00f3rio de Transpar\u00eancia e Igualdade Salarial de Mulheres e Homens &#8211; 2\u00ba Semestre 2024"},"content":{"rendered":"\n<div data-wp-interactive=\"core\/file\" class=\"wp-block-file\"><object data-wp-bind--hidden=\"!state.hasPdfPreview\" hidden class=\"wp-block-file__embed\" data=\"https:\/\/denpasa.com.br\/pt-br\/wp-content\/uploads\/2024\/09\/Relatorio_Transparencia_Denpasa_2_semestre.pdf\" type=\"application\/pdf\" style=\"width:100%;height:600px\" aria-label=\"Incorpora\u00e7\u00e3o de Relatorio de Transpar\u00eancia e Igualdade Salarial - Segundo Semestre 2024.\"><\/object><a id=\"wp-block-file--media-359d42c5-b7c9-474b-85d5-8bb86db08031\" href=\"https:\/\/denpasa.com.br\/pt-br\/wp-content\/uploads\/2024\/09\/Relatorio_Transparencia_Denpasa_2_semestre.pdf\">Relatorio de Transpar\u00eancia e Igualdade Salarial &#8211; Segundo Semestre 2024<\/a><a href=\"https:\/\/denpasa.com.br\/pt-br\/wp-content\/uploads\/2024\/09\/Relatorio_Transparencia_Denpasa_2_semestre.pdf\" class=\"wp-block-file__button wp-element-button\" download aria-describedby=\"wp-block-file--media-359d42c5-b7c9-474b-85d5-8bb86db08031\">Descarregar<\/a><\/div>\n","protected":false},"excerpt":{"rendered":"","protected":false},"author":1,"featured_media":0,"parent":0,"menu_order":0,"comment_status":"closed","ping_status":"closed","template":"","meta":{"nf_dc_page":"","footnotes":""},"class_list":["post-86","page","type-page","status-publish","hentry"],"_links":{"self":[{"href":"https:\/\/denpasa.com.br\/pt-br\/wp-json\/wp\/v2\/pages\/86","targetHints":{"allow":["GET"]}}],"collection":[{"href":"https:\/\/denpasa.com.br\/pt-br\/wp-json\/wp\/v2\/pages"}],"about":[{"href":"https:\/\/denpasa.com.br\/pt-br\/wp-json\/wp\/v2\/types\/page"}],"author":[{"embeddable":true,"href":"https:\/\/denpasa.com.br\/pt-br\/wp-json\/wp\/v2\/users\/1"}],"replies":[{"embeddable":true,"href":"https:\/\/denpasa.com.br\/pt-br\/wp-json\/wp\/v2\/comments?post=86"}],"version-history":[{"count":1,"href":"https:\/\/denpasa.com.br\/pt-br\/wp-json\/wp\/v2\/pages\/86\/revisions"}],"predecessor-version":[{"id":87,"href":"https:\/\/denpasa.com.br\/pt-br\/wp-json\/wp\/v2\/pages\/86\/revisions\/87"}],"wp:attachment":[{"href":"https:\/\/denpasa.com.br\/pt-br\/wp-json\/wp\/v2\/media?parent=86"}],"curies":[{"name":"wp","href":"https:\/\/api.w.org\/{rel}","templated":true}]}}